{"id":755,"date":"2025-11-23T16:37:51","date_gmt":"2025-11-23T15:37:51","guid":{"rendered":"https:\/\/hochhaus-heuwaage.ch\/?page_id=755"},"modified":"2026-01-29T15:29:39","modified_gmt":"2026-01-29T14:29:39","slug":"dialog","status":"publish","type":"page","link":"https:\/\/hochhaus-heuwaage.ch\/en\/dialog\/","title":{"rendered":"Dialogue"},"content":{"rendered":"<div data-elementor-type=\"wp-page\" data-elementor-id=\"755\" class=\"elementor elementor-755\" data-elementor-post-type=\"page\">\n\t\t\t\t<div class=\"elementor-element elementor-element-4ee0065 e-flex e-con-boxed e-con e-parent\" data-id=\"4ee0065\" data-element_type=\"container\" data-e-type=\"container\" data-settings=\"{&quot;background_background&quot;:&quot;classic&quot;}\">\n\t\t\t\t\t<div class=\"e-con-inner\">\n\t\t\t\t\t<\/div>\n\t\t\t\t<\/div>\n\t\t<div class=\"elementor-element elementor-element-cdd82ca border-after light-bg e-flex e-con-boxed e-con e-parent\" data-id=\"cdd82ca\" data-element_type=\"container\" data-e-type=\"container\" data-settings=\"{&quot;background_background&quot;:&quot;classic&quot;}\">\n\t\t\t\t\t<div class=\"e-con-inner\">\n\t\t\t\t<div class=\"elementor-element elementor-element-f9628ba elementor-widget__width-inherit elementor-widget elementor-widget-heading\" data-id=\"f9628ba\" data-element_type=\"widget\" data-e-type=\"widget\" data-widget_type=\"heading.default\">\n\t\t\t\t<div class=\"elementor-widget-container\">\n\t\t\t\t\t<h1 class=\"elementor-heading-title elementor-size-default\">Important information <\/h1>\t\t\t\t<\/div>\n\t\t\t\t<\/div>\n\t\t<div class=\"elementor-element elementor-element-bbe0d6d e-con-full e-flex e-con e-child\" data-id=\"bbe0d6d\" data-element_type=\"container\" data-e-type=\"container\">\n\t\t<div class=\"elementor-element elementor-element-248d561 e-con-full e-flex e-con e-child\" data-id=\"248d561\" data-element_type=\"container\" data-e-type=\"container\">\n\t\t\t\t<div class=\"elementor-element elementor-element-6f5f7be elementor-invisible elementor-widget elementor-widget-image\" data-id=\"6f5f7be\" data-element_type=\"widget\" data-e-type=\"widget\" data-settings=\"{&quot;_animation&quot;:&quot;zoomIn&quot;}\" data-widget_type=\"image.default\">\n\t\t\t\t<div class=\"elementor-widget-container\">\n\t\t\t\t\t\t\t\t\t\t\t\t\t\t\t<img fetchpriority=\"high\" decoding=\"async\" width=\"800\" height=\"534\" src=\"https:\/\/hochhaus-heuwaage.ch\/wp-content\/uploads\/2025\/12\/dialog_balkon_silber.webp\" class=\"attachment-large size-large wp-image-1716\" alt=\"\" srcset=\"https:\/\/hochhaus-heuwaage.ch\/wp-content\/uploads\/2025\/12\/dialog_balkon_silber.webp 800w, https:\/\/hochhaus-heuwaage.ch\/wp-content\/uploads\/2025\/12\/dialog_balkon_silber-300x200.webp 300w, https:\/\/hochhaus-heuwaage.ch\/wp-content\/uploads\/2025\/12\/dialog_balkon_silber-768x513.webp 768w, https:\/\/hochhaus-heuwaage.ch\/wp-content\/uploads\/2025\/12\/dialog_balkon_silber-18x12.webp 18w\" sizes=\"(max-width: 800px) 100vw, 800px\" title=\"\">\t\t\t\t\t\t\t\t\t\t\t\t\t\t\t<\/div>\n\t\t\t\t<\/div>\n\t\t\t\t<\/div>\n\t\t<div class=\"elementor-element elementor-element-ea8f394 e-con-full e-flex e-con e-child\" data-id=\"ea8f394\" data-element_type=\"container\" data-e-type=\"container\">\n\t\t\t\t<div class=\"elementor-element elementor-element-cc4cfe9 elementor-widget elementor-widget-heading\" data-id=\"cc4cfe9\" data-element_type=\"widget\" data-e-type=\"widget\" data-widget_type=\"heading.default\">\n\t\t\t\t<div class=\"elementor-widget-container\">\n\t\t\t\t\t<span class=\"elementor-heading-title elementor-size-default\">blkb\/Adimmo values open and transparent communication and strives to meet the information needs of various stakeholders throughout the dismantling and new construction process. <\/span>\t\t\t\t<\/div>\n\t\t\t\t<\/div>\n\t\t\t\t<div class=\"elementor-element elementor-element-3743a42 elementor-widget elementor-widget-text-editor\" data-id=\"3743a42\" data-element_type=\"widget\" data-e-type=\"widget\" data-widget_type=\"text-editor.default\">\n\t\t\t\t<div class=\"elementor-widget-container\">\n\t\t\t\t\t\t\t\t\t<p>The building owner is committed to minimising the impact on the neighbourhood and surrounding area during construction. However, certain emissions and restrictions will inevitably occur during this period.<\/p>\t\t\t\t\t\t\t\t<\/div>\n\t\t\t\t<\/div>\n\t\t\t\t<\/div>\n\t\t\t\t<\/div>\n\t\t<div class=\"elementor-element elementor-element-a9fffc4 e-con-full e-flex e-con e-child\" data-id=\"a9fffc4\" data-element_type=\"container\" data-e-type=\"container\">\n\t\t<div class=\"elementor-element elementor-element-5413adf e-con-full e-flex e-con e-child\" data-id=\"5413adf\" data-element_type=\"container\" data-e-type=\"container\">\n\t\t\t\t<div class=\"elementor-element elementor-element-c93e806 elementor-widget elementor-widget-heading\" data-id=\"c93e806\" data-element_type=\"widget\" data-e-type=\"widget\" data-widget_type=\"heading.default\">\n\t\t\t\t<div class=\"elementor-widget-container\">\n\t\t\t\t\t<span class=\"elementor-heading-title elementor-size-default\">Traffic management and construction site hours<\/span>\t\t\t\t<\/div>\n\t\t\t\t<\/div>\n\t\t\t\t<div class=\"elementor-element elementor-element-99e75c0 elementor-widget elementor-widget-text-editor\" data-id=\"99e75c0\" data-element_type=\"widget\" data-e-type=\"widget\" data-widget_type=\"text-editor.default\">\n\t\t\t\t<div class=\"elementor-widget-container\">\n\t\t\t\t\t\t\t\t\t<p>The current passage from Steinenvorstadt to the Birsig car park will be closed to vehicles for the duration of the construction work. For safety reasons, the parking spaces in the Birsig car park immediately adjacent to the current high-rise building will also be removed. Access to the surrounding properties will remain guaranteed.<\/p><p><strong>In consultation with the authorities, the following measures will be put in place to manage construction site traffic during the dismantling work in 2026:<\/strong><\/p><ul><li>Empty lorries will generally drive to the construction site via the Birsig car park.<\/li><li>After being loaded with dismantling material, the lorries will leave the construction site via Steinenvorstadt and Viadukt.<\/li><li>Until the lower Steinenvorstadt 77 connecting structure has been demolished, individual occasional empty lorries will drive from Steinenvorstadt to the construction site and leave via the same route.<\/li><\/ul><p>Appropriate safety measures are in place at all times. Any impact on through traffic at Heuwaage will be signalled in good time on site if necessary.<\/p><p>Construction work will be carried out during the canton of Basel-Stadt\u2019s prescribed working hours (weekdays: 7 a.m. to 12 p.m. and 1 p.m. to 7 p.m.). Work on Saturdays will only be carried out if necessary, and there will be no work on Sundays or public holidays.<\/p>\t\t\t\t\t\t\t\t<\/div>\n\t\t\t\t<\/div>\n\t\t\t\t<\/div>\n\t\t<div class=\"elementor-element elementor-element-eb2d194 e-con-full e-flex e-con e-child\" data-id=\"eb2d194\" data-element_type=\"container\" data-e-type=\"container\">\n\t\t\t\t<div class=\"elementor-element elementor-element-6e5504a elementor-invisible elementor-widget elementor-widget-image\" data-id=\"6e5504a\" data-element_type=\"widget\" data-e-type=\"widget\" data-settings=\"{&quot;_animation&quot;:&quot;zoomIn&quot;}\" data-widget_type=\"image.default\">\n\t\t\t\t<div class=\"elementor-widget-container\">\n\t\t\t\t\t\t\t\t\t\t\t\t\t\t\t<img decoding=\"async\" width=\"800\" height=\"1000\" src=\"https:\/\/hochhaus-heuwaage.ch\/wp-content\/uploads\/2025\/12\/dialog-verkehr-drohenbild_hoch.webp\" class=\"attachment-large size-large wp-image-1260\" alt=\"\" srcset=\"https:\/\/hochhaus-heuwaage.ch\/wp-content\/uploads\/2025\/12\/dialog-verkehr-drohenbild_hoch.webp 800w, https:\/\/hochhaus-heuwaage.ch\/wp-content\/uploads\/2025\/12\/dialog-verkehr-drohenbild_hoch-240x300.webp 240w, https:\/\/hochhaus-heuwaage.ch\/wp-content\/uploads\/2025\/12\/dialog-verkehr-drohenbild_hoch-768x960.webp 768w, https:\/\/hochhaus-heuwaage.ch\/wp-content\/uploads\/2025\/12\/dialog-verkehr-drohenbild_hoch-10x12.webp 10w\" sizes=\"(max-width: 800px) 100vw, 800px\" title=\"\">\t\t\t\t\t\t\t\t\t\t\t\t\t\t\t<\/div>\n\t\t\t\t<\/div>\n\t\t\t\t<\/div>\n\t\t\t\t<\/div>\n\t\t<div class=\"elementor-element elementor-element-d4b0c65 e-con-full e-flex e-con e-child\" data-id=\"d4b0c65\" data-element_type=\"container\" data-e-type=\"container\">\n\t\t<div class=\"elementor-element elementor-element-be5da1c e-con-full elementor-hidden-mobile e-flex e-con e-child\" data-id=\"be5da1c\" data-element_type=\"container\" data-e-type=\"container\">\n\t\t\t\t<div class=\"elementor-element elementor-element-04b2731 elementor-invisible elementor-widget elementor-widget-image\" data-id=\"04b2731\" data-element_type=\"widget\" data-e-type=\"widget\" data-settings=\"{&quot;_animation&quot;:&quot;zoomIn&quot;}\" data-widget_type=\"image.default\">\n\t\t\t\t<div class=\"elementor-widget-container\">\n\t\t\t\t\t\t\t\t\t\t\t\t\t\t\t<img decoding=\"async\" width=\"800\" height=\"929\" src=\"https:\/\/hochhaus-heuwaage.ch\/wp-content\/uploads\/2026\/01\/Georg_Meier_2_ret.webp\" class=\"attachment-large size-large wp-image-1905\" alt=\"\" srcset=\"https:\/\/hochhaus-heuwaage.ch\/wp-content\/uploads\/2026\/01\/Georg_Meier_2_ret.webp 800w, https:\/\/hochhaus-heuwaage.ch\/wp-content\/uploads\/2026\/01\/Georg_Meier_2_ret-258x300.webp 258w, https:\/\/hochhaus-heuwaage.ch\/wp-content\/uploads\/2026\/01\/Georg_Meier_2_ret-768x892.webp 768w, https:\/\/hochhaus-heuwaage.ch\/wp-content\/uploads\/2026\/01\/Georg_Meier_2_ret-10x12.webp 10w\" sizes=\"(max-width: 800px) 100vw, 800px\" title=\"\">\t\t\t\t\t\t\t\t\t\t\t\t\t\t\t<\/div>\n\t\t\t\t<\/div>\n\t\t\t\t<\/div>\n\t\t<div class=\"elementor-element elementor-element-a109cc6 e-con-full e-flex e-con e-child\" data-id=\"a109cc6\" data-element_type=\"container\" data-e-type=\"container\">\n\t\t\t\t<div class=\"elementor-element elementor-element-65b9be2 elementor-widget elementor-widget-heading\" data-id=\"65b9be2\" data-element_type=\"widget\" data-e-type=\"widget\" data-widget_type=\"heading.default\">\n\t\t\t\t<div class=\"elementor-widget-container\">\n\t\t\t\t\t<span class=\"elementor-heading-title elementor-size-default\">Do you have any questions or concerns?<\/span>\t\t\t\t<\/div>\n\t\t\t\t<\/div>\n\t\t\t\t<div class=\"elementor-element elementor-element-6e38975 elementor-widget elementor-widget-text-editor\" data-id=\"6e38975\" data-element_type=\"widget\" data-e-type=\"widget\" data-widget_type=\"text-editor.default\">\n\t\t\t\t<div class=\"elementor-widget-container\">\n\t\t\t\t\t\t\t\t\t<p><strong>If you have any questions or concerns relating to the construction project or site operations, please feel free to contact the project management team at any time:<\/strong><\/p>\t\t\t\t\t\t\t\t<\/div>\n\t\t\t\t<\/div>\n\t\t\t\t<div class=\"elementor-element elementor-element-e9b9dfd elementor-hidden-desktop elementor-hidden-tablet elementor-invisible elementor-widget elementor-widget-image\" data-id=\"e9b9dfd\" data-element_type=\"widget\" data-e-type=\"widget\" data-settings=\"{&quot;_animation&quot;:&quot;zoomIn&quot;}\" data-widget_type=\"image.default\">\n\t\t\t\t<div class=\"elementor-widget-container\">\n\t\t\t\t\t\t\t\t\t\t\t\t\t\t\t<img decoding=\"async\" width=\"800\" height=\"929\" src=\"https:\/\/hochhaus-heuwaage.ch\/wp-content\/uploads\/2026\/01\/Georg_Meier_2_ret.webp\" class=\"attachment-large size-large wp-image-1905\" alt=\"\" srcset=\"https:\/\/hochhaus-heuwaage.ch\/wp-content\/uploads\/2026\/01\/Georg_Meier_2_ret.webp 800w, https:\/\/hochhaus-heuwaage.ch\/wp-content\/uploads\/2026\/01\/Georg_Meier_2_ret-258x300.webp 258w, https:\/\/hochhaus-heuwaage.ch\/wp-content\/uploads\/2026\/01\/Georg_Meier_2_ret-768x892.webp 768w, https:\/\/hochhaus-heuwaage.ch\/wp-content\/uploads\/2026\/01\/Georg_Meier_2_ret-10x12.webp 10w\" sizes=\"(max-width: 800px) 100vw, 800px\" title=\"\">\t\t\t\t\t\t\t\t\t\t\t\t\t\t\t<\/div>\n\t\t\t\t<\/div>\n\t\t\t\t<div class=\"elementor-element elementor-element-a89c34f elementor-widget elementor-widget-text-editor\" data-id=\"a89c34f\" data-element_type=\"widget\" data-e-type=\"widget\" data-widget_type=\"text-editor.default\">\n\t\t\t\t<div class=\"elementor-widget-container\">\n\t\t\t\t\t\t\t\t\t<p>Dr Georg Meier, Head of Portfolio Management, Member of the Executive Board<br \/><a href=\"mailto:georg.meier@adimmo.ch\">georg.meier@adimmo.ch<\/a> or <a href=\"tel:+41613787736\">T +41 61 378 77 36<\/a><\/p><p>Do you have any other questions or concerns? Please contact us!<\/p>\t\t\t\t\t\t\t\t<\/div>\n\t\t\t\t<\/div>\n\t\t\t\t<div class=\"elementor-element elementor-element-3728dc7 elementor-widget elementor-widget-button\" data-id=\"3728dc7\" data-element_type=\"widget\" data-e-type=\"widget\" data-widget_type=\"button.default\">\n\t\t\t\t<div class=\"elementor-widget-container\">\n\t\t\t\t\t\t\t\t\t<div class=\"elementor-button-wrapper\">\n\t\t\t\t\t<a class=\"elementor-button elementor-button-link elementor-size-sm\" href=\"https:\/\/hochhaus-heuwaage.ch\/en\/kontakt\/\">\n\t\t\t\t\t\t<span class=\"elementor-button-content-wrapper\">\n\t\t\t\t\t\t<span class=\"elementor-button-icon\">\n\t\t\t\t<svg xmlns=\"http:\/\/www.w3.org\/2000\/svg\" width=\"142\" height=\"142\" viewbox=\"0 0 142 142\" fill=\"none\"><g clip-path=\"url(#clip0_4174_40)\"><path d=\"M65.3564 128.03L115.838 77.7567L7.01177 77.7222L7.02214 63.6888L115.744 63.6189L65.3364 13.6295L84.316 13.605L141.422 70.7107L84.2315 127.901L65.3459 128.019L65.3564 128.03Z\" fill=\"white\"><\/path><\/g><defs><clippath id=\"clip0_4174_40\"><rect width=\"100\" height=\"100\" fill=\"white\" transform=\"translate(70.7109) rotate(45)\"><\/rect><\/clippath><\/defs><\/svg>\t\t\t<\/span>\n\t\t\t\t\t\t\t\t\t<span class=\"elementor-button-text\">Contact us<\/span>\n\t\t\t\t\t<\/span>\n\t\t\t\t\t<\/a>\n\t\t\t\t<\/div>\n\t\t\t\t\t\t\t\t<\/div>\n\t\t\t\t<\/div>\n\t\t\t\t<\/div>\n\t\t\t\t<\/div>\n\t\t\t\t\t<\/div>\n\t\t\t\t<\/div>\n\t\t<div class=\"elementor-element elementor-element-adc06f9 e-con-full e-flex e-con e-parent\" data-id=\"adc06f9\" data-element_type=\"container\" data-e-type=\"container\">\n\t\t\t\t<div class=\"elementor-element elementor-element-2828680 elementor-widget__width-inherit elementor-widget elementor-widget-image\" data-id=\"2828680\" data-element_type=\"widget\" data-e-type=\"widget\" data-widget_type=\"image.default\">\n\t\t\t\t<div class=\"elementor-widget-container\">\n\t\t\t\t\t\t\t\t\t\t\t\t\t\t\t<img loading=\"lazy\" decoding=\"async\" width=\"1536\" height=\"801\" src=\"https:\/\/hochhaus-heuwaage.ch\/wp-content\/uploads\/2025\/12\/Home_Header_Heuwaage_Visu.jpg\" class=\"attachment-full size-full wp-image-1650\" alt=\"\" srcset=\"https:\/\/hochhaus-heuwaage.ch\/wp-content\/uploads\/2025\/12\/Home_Header_Heuwaage_Visu.jpg 1536w, https:\/\/hochhaus-heuwaage.ch\/wp-content\/uploads\/2025\/12\/Home_Header_Heuwaage_Visu-300x156.jpg 300w, https:\/\/hochhaus-heuwaage.ch\/wp-content\/uploads\/2025\/12\/Home_Header_Heuwaage_Visu-1024x534.jpg 1024w, https:\/\/hochhaus-heuwaage.ch\/wp-content\/uploads\/2025\/12\/Home_Header_Heuwaage_Visu-768x401.jpg 768w, https:\/\/hochhaus-heuwaage.ch\/wp-content\/uploads\/2025\/12\/Home_Header_Heuwaage_Visu-18x9.jpg 18w\" sizes=\"(max-width: 1536px) 100vw, 1536px\" title=\"\">\t\t\t\t\t\t\t\t\t\t\t\t\t\t\t<\/div>\n\t\t\t\t<\/div>\n\t\t\t\t<\/div>\n\t\t\t\t<\/div>","protected":false},"excerpt":{"rendered":"<p>Wichtige Informationen blpk\/Adimmo legt Wert auf eine aktive und transparente Kommunikation und setzt alles daran, den Informationsbed\u00fcrfnissen der verschiedenen Anspruchsgruppen w\u00e4hrend des R\u00fcck- und Neubaus Rechnung zu tragen. Die Bauherrin setzt sich daf\u00fcr ein, die Belastungen f\u00fcr die Nachbarschaft und die Umgebung w\u00e4hrend der gesamten Arbeiten m\u00f6glichst gering zu halten. Dennoch entstehen gewisse Emissionen und [&hellip;]<\/p>","protected":false},"author":1,"featured_media":0,"parent":0,"menu_order":0,"comment_status":"closed","ping_status":"closed","template":"","meta":{"footnotes":""},"class_list":["post-755","page","type-page","status-publish","hentry"],"_links":{"self":[{"href":"https:\/\/hochhaus-heuwaage.ch\/en\/wp-json\/wp\/v2\/pages\/755","targetHints":{"allow":["GET"]}}],"collection":[{"href":"https:\/\/hochhaus-heuwaage.ch\/en\/wp-json\/wp\/v2\/pages"}],"about":[{"href":"https:\/\/hochhaus-heuwaage.ch\/en\/wp-json\/wp\/v2\/types\/page"}],"author":[{"embeddable":true,"href":"https:\/\/hochhaus-heuwaage.ch\/en\/wp-json\/wp\/v2\/users\/1"}],"replies":[{"embeddable":true,"href":"https:\/\/hochhaus-heuwaage.ch\/en\/wp-json\/wp\/v2\/comments?post=755"}],"version-history":[{"count":6,"href":"https:\/\/hochhaus-heuwaage.ch\/en\/wp-json\/wp\/v2\/pages\/755\/revisions"}],"predecessor-version":[{"id":1991,"href":"https:\/\/hochhaus-heuwaage.ch\/en\/wp-json\/wp\/v2\/pages\/755\/revisions\/1991"}],"wp:attachment":[{"href":"https:\/\/hochhaus-heuwaage.ch\/en\/wp-json\/wp\/v2\/media?parent=755"}],"curies":[{"name":"wp","href":"https:\/\/api.w.org\/{rel}","templated":true}]}}