{"id":754,"date":"2025-11-23T16:37:51","date_gmt":"2025-11-23T15:37:51","guid":{"rendered":"https:\/\/hochhaus-heuwaage.ch\/?page_id=754"},"modified":"2026-01-29T15:39:19","modified_gmt":"2026-01-29T14:39:19","slug":"mieten","status":"publish","type":"page","link":"https:\/\/hochhaus-heuwaage.ch\/en\/mieten\/","title":{"rendered":"Rentals"},"content":{"rendered":"<div data-elementor-type=\"wp-page\" data-elementor-id=\"754\" class=\"elementor elementor-754\" data-elementor-post-type=\"page\">\n\t\t\t\t<div class=\"elementor-element elementor-element-c1732e9 e-flex e-con-boxed e-con e-parent\" data-id=\"c1732e9\" data-element_type=\"container\" data-e-type=\"container\" data-settings=\"{&quot;background_background&quot;:&quot;classic&quot;}\">\n\t\t\t\t\t<div class=\"e-con-inner\">\n\t\t\t\t\t<\/div>\n\t\t\t\t<\/div>\n\t\t<div class=\"elementor-element elementor-element-27d90d5 border-after light-bg e-flex e-con-boxed e-con e-parent\" data-id=\"27d90d5\" data-element_type=\"container\" data-e-type=\"container\" data-settings=\"{&quot;background_background&quot;:&quot;classic&quot;}\">\n\t\t\t\t\t<div class=\"e-con-inner\">\n\t\t\t\t<div class=\"elementor-element elementor-element-90d9c77 elementor-widget__width-inherit elementor-widget elementor-widget-heading\" data-id=\"90d9c77\" data-element_type=\"widget\" data-e-type=\"widget\" data-widget_type=\"heading.default\">\n\t\t\t\t<div class=\"elementor-widget-container\">\n\t\t\t\t\t<h1 class=\"elementor-heading-title elementor-size-default\">Living and working at Heuwaage<\/h1>\t\t\t\t<\/div>\n\t\t\t\t<\/div>\n\t\t<div class=\"elementor-element elementor-element-efca7b8 e-con-full e-flex e-con e-child\" data-id=\"efca7b8\" data-element_type=\"container\" data-e-type=\"container\">\n\t\t<div class=\"elementor-element elementor-element-ebf2113 e-con-full e-flex e-con e-child\" data-id=\"ebf2113\" data-element_type=\"container\" data-e-type=\"container\">\n\t\t\t\t<div class=\"elementor-element elementor-element-24ecc24 elementor-invisible elementor-widget elementor-widget-image\" data-id=\"24ecc24\" data-element_type=\"widget\" data-e-type=\"widget\" data-settings=\"{&quot;_animation&quot;:&quot;zoomIn&quot;}\" data-widget_type=\"image.default\">\n\t\t\t\t<div class=\"elementor-widget-container\">\n\t\t\t\t\t\t\t\t\t\t\t\t\t\t\t<img fetchpriority=\"high\" decoding=\"async\" width=\"800\" height=\"534\" src=\"https:\/\/hochhaus-heuwaage.ch\/wp-content\/uploads\/2025\/12\/mieten_einrichtung-1_silber.webp\" class=\"attachment-large size-large wp-image-1707\" alt=\"\" srcset=\"https:\/\/hochhaus-heuwaage.ch\/wp-content\/uploads\/2025\/12\/mieten_einrichtung-1_silber.webp 800w, https:\/\/hochhaus-heuwaage.ch\/wp-content\/uploads\/2025\/12\/mieten_einrichtung-1_silber-300x200.webp 300w, https:\/\/hochhaus-heuwaage.ch\/wp-content\/uploads\/2025\/12\/mieten_einrichtung-1_silber-768x513.webp 768w, https:\/\/hochhaus-heuwaage.ch\/wp-content\/uploads\/2025\/12\/mieten_einrichtung-1_silber-18x12.webp 18w\" sizes=\"(max-width: 800px) 100vw, 800px\" title=\"\">\t\t\t\t\t\t\t\t\t\t\t\t\t\t\t<\/div>\n\t\t\t\t<\/div>\n\t\t\t\t<\/div>\n\t\t<div class=\"elementor-element elementor-element-e93dc84 e-con-full e-flex e-con e-child\" data-id=\"e93dc84\" data-element_type=\"container\" data-e-type=\"container\">\n\t\t\t\t<div class=\"elementor-element elementor-element-f219747 elementor-widget elementor-widget-heading\" data-id=\"f219747\" data-element_type=\"widget\" data-e-type=\"widget\" data-widget_type=\"heading.default\">\n\t\t\t\t<div class=\"elementor-widget-container\">\n\t\t\t\t\t<span class=\"elementor-heading-title elementor-size-default\">By 2031, the new \u201cHochhaus Heuwaage\u201d will provide 21 floors of appealing space for retail outlets, restaurants and offices, as well as 66 modern flats. <\/span>\t\t\t\t<\/div>\n\t\t\t\t<\/div>\n\t\t\t\t<div class=\"elementor-element elementor-element-3ca25c4 elementor-widget elementor-widget-text-editor\" data-id=\"3ca25c4\" data-element_type=\"widget\" data-e-type=\"widget\" data-widget_type=\"text-editor.default\">\n\t\t\t\t<div class=\"elementor-widget-container\">\n\t\t\t\t\t\t\t\t\t<p><strong>The following properties are planned according to current plans:<\/strong><\/p><ul><li>Ground floor and 1st floor: space for retail and restaurants<\/li><li>2nd to 6th floors: flexible, divisible commercial and office space<\/li><li>7th to 21st floors: 66 apartments of various sizes:<br \/>\u2013 1.5 rooms: 1<br \/>\u2013 2.5 rooms: 44<br \/>\u2013 3.5 rooms: 17<br \/>\u2013 4.5 rooms: 4<\/li><\/ul>\t\t\t\t\t\t\t\t<\/div>\n\t\t\t\t<\/div>\n\t\t\t\t<\/div>\n\t\t\t\t<\/div>\n\t\t<div class=\"elementor-element elementor-element-7b83d0a e-con-full e-flex e-con e-child\" data-id=\"7b83d0a\" data-element_type=\"container\" data-e-type=\"container\">\n\t\t<div class=\"elementor-element elementor-element-08c9a11 e-con-full e-flex e-con e-child\" data-id=\"08c9a11\" data-element_type=\"container\" data-e-type=\"container\">\n\t\t\t\t<div class=\"elementor-element elementor-element-d49f794 elementor-widget elementor-widget-heading\" data-id=\"d49f794\" data-element_type=\"widget\" data-e-type=\"widget\" data-widget_type=\"heading.default\">\n\t\t\t\t<div class=\"elementor-widget-container\">\n\t\t\t\t\t<span class=\"elementor-heading-title elementor-size-default\">Interested?<\/span>\t\t\t\t<\/div>\n\t\t\t\t<\/div>\n\t\t\t\t<div class=\"elementor-element elementor-element-be7a7cc elementor-widget elementor-widget-text-editor\" data-id=\"be7a7cc\" data-element_type=\"widget\" data-e-type=\"widget\" data-widget_type=\"text-editor.default\">\n\t\t\t\t<div class=\"elementor-widget-container\">\n\t\t\t\t\t\t\t\t\t<p><strong>Would you like to rent one of these properties? If so, send us a message. We will be happy to keep you informed as soon as the rental phase begins.<\/strong><\/p>\t\t\t\t\t\t\t\t<\/div>\n\t\t\t\t<\/div>\n\t\t\t\t<div class=\"elementor-element elementor-element-fea7312 elementor-widget elementor-widget-button\" data-id=\"fea7312\" data-element_type=\"widget\" data-e-type=\"widget\" data-widget_type=\"button.default\">\n\t\t\t\t<div class=\"elementor-widget-container\">\n\t\t\t\t\t\t\t\t\t<div class=\"elementor-button-wrapper\">\n\t\t\t\t\t<a class=\"elementor-button elementor-button-link elementor-size-sm\" href=\"https:\/\/hochhaus-heuwaage.ch\/en\/kontakt\/\">\n\t\t\t\t\t\t<span class=\"elementor-button-content-wrapper\">\n\t\t\t\t\t\t<span class=\"elementor-button-icon\">\n\t\t\t\t<svg xmlns=\"http:\/\/www.w3.org\/2000\/svg\" width=\"142\" height=\"142\" viewbox=\"0 0 142 142\" fill=\"none\"><g clip-path=\"url(#clip0_4174_40)\"><path d=\"M65.3564 128.03L115.838 77.7567L7.01177 77.7222L7.02214 63.6888L115.744 63.6189L65.3364 13.6295L84.316 13.605L141.422 70.7107L84.2315 127.901L65.3459 128.019L65.3564 128.03Z\" fill=\"white\"><\/path><\/g><defs><clippath id=\"clip0_4174_40\"><rect width=\"100\" height=\"100\" fill=\"white\" transform=\"translate(70.7109) rotate(45)\"><\/rect><\/clippath><\/defs><\/svg>\t\t\t<\/span>\n\t\t\t\t\t\t\t\t\t<span class=\"elementor-button-text\">Contact us<\/span>\n\t\t\t\t\t<\/span>\n\t\t\t\t\t<\/a>\n\t\t\t\t<\/div>\n\t\t\t\t\t\t\t\t<\/div>\n\t\t\t\t<\/div>\n\t\t\t\t<\/div>\n\t\t<div class=\"elementor-element elementor-element-884a6f9 e-con-full e-flex e-con e-child\" data-id=\"884a6f9\" data-element_type=\"container\" data-e-type=\"container\">\n\t\t\t\t<div class=\"elementor-element elementor-element-3179108 elementor-invisible elementor-widget elementor-widget-image\" data-id=\"3179108\" data-element_type=\"widget\" data-e-type=\"widget\" data-settings=\"{&quot;_animation&quot;:&quot;zoomIn&quot;}\" data-widget_type=\"image.default\">\n\t\t\t\t<div class=\"elementor-widget-container\">\n\t\t\t\t\t\t\t\t\t\t\t\t\t\t\t<img decoding=\"async\" width=\"800\" height=\"534\" src=\"https:\/\/hochhaus-heuwaage.ch\/wp-content\/uploads\/2025\/12\/mieten_einrichtung-2_silber.webp\" class=\"attachment-large size-large wp-image-1708\" alt=\"\" srcset=\"https:\/\/hochhaus-heuwaage.ch\/wp-content\/uploads\/2025\/12\/mieten_einrichtung-2_silber.webp 800w, https:\/\/hochhaus-heuwaage.ch\/wp-content\/uploads\/2025\/12\/mieten_einrichtung-2_silber-300x200.webp 300w, https:\/\/hochhaus-heuwaage.ch\/wp-content\/uploads\/2025\/12\/mieten_einrichtung-2_silber-768x513.webp 768w, https:\/\/hochhaus-heuwaage.ch\/wp-content\/uploads\/2025\/12\/mieten_einrichtung-2_silber-18x12.webp 18w\" sizes=\"(max-width: 800px) 100vw, 800px\" title=\"\">\t\t\t\t\t\t\t\t\t\t\t\t\t\t\t<\/div>\n\t\t\t\t<\/div>\n\t\t\t\t<\/div>\n\t\t\t\t<\/div>\n\t\t\t\t<div class=\"elementor-element elementor-element-998979f elementor-widget__width-inherit elementor-hidden-desktop elementor-hidden-tablet elementor-hidden-mobile elementor-widget elementor-widget-html\" data-id=\"998979f\" data-element_type=\"widget\" data-e-type=\"widget\" data-widget_type=\"html.default\">\n\t\t\t\t<div class=\"elementor-widget-container\">\n\t\t\t\t\t<table>\n  <thead>\n    <tr>\n      <th>Apartment no.<\/th>\n      <th>Rooms<\/th>\n      <th>Floor<\/th>\n      <th>Area<\/th>\n      <th>Net rent<\/th>\n      <th>Gross rent<\/th>\n      <th>Floor plan<\/th>\n      <th>Status<\/th>\n    <\/tr>\n  <\/thead>\n  <tbody id=\"wohnung-body\">\n    <!-- Tabelle wird hier dynamisch generiert -->\n  <\/tbody>\n<\/table>\n<div class=\"legend\">\n  <div class=\"legend-item\"><div class=\"legend-dot\" style=\"background-color: #86b661;\"><\/div> Available<\/div>\n  <div class=\"legend-item\"><div class=\"legend-dot\" style=\"background-color: orange;\"><\/div> Reserved<\/div>\n  <div class=\"legend-item\"><div class=\"legend-dot\" style=\"background-color: #ac4d4d;\"><\/div> Rented<\/div>\n<\/div>\n\n<script>\n    \/*\n  const wohnungen = [\n    {nr:103, zimmer:2, etage:\"1.OG\", flaeche:\"50.36 m\u00b2\", mz:\"CHF 1'410\", brutto:\"CHF 1'560\", pdf:\"#\", status:\"Verf\u00fcgbar\"},\n    {nr:102, zimmer:3, etage:\"1.OG\", flaeche:\"71.89 m\u00b2\", mz:\"CHF 1'610\", brutto:\"CHF 1'820\", pdf:\"#\", status:\"Verf\u00fcgbar\"},\n    {nr:101, zimmer:4, etage:\"1.OG\", flaeche:\"82.75 m\u00b2\", mz:\"CHF 1'840\", brutto:\"CHF 2'080\", pdf:\"#\", status:\"Vermietet\"},\n    {nr:203, zimmer:2, etage:\"2.OG\", flaeche:\"50.36 m\u00b2\", mz:\"CHF 1'440\", brutto:\"CHF 1'590\", pdf:\"#\", status:\"Verf\u00fcgbar\"},\n    {nr:202, zimmer:3, etage:\"2.OG\", flaeche:\"71.89 m\u00b2\", mz:\"CHF 1'640\", brutto:\"CHF 1'850\", pdf:\"#\", status:\"Reserviert\"},\n    {nr:201, zimmer:4, etage:\"2.OG\", flaeche:\"82.75 m\u00b2\", mz:\"CHF 1'870\", brutto:\"CHF 2'110\", pdf:\"#\", status:\"Verf\u00fcgbar\"},\n    {nr:303, zimmer:2, etage:\"3.OG\", flaeche:\"50.36 m\u00b2\", mz:\"CHF 1'470\", brutto:\"CHF 1'620\", pdf:\"#\", status:\"Verf\u00fcgbar\"},\n    {nr:302, zimmer:3, etage:\"3.OG\", flaeche:\"71.89 m\u00b2\", mz:\"CHF 1'670\", brutto:\"CHF 1'880\", pdf:\"#\", status:\"Verf\u00fcgbar\"},\n    {nr:301, zimmer:4, etage:\"3.OG\", flaeche:\"82.75 m\u00b2\", mz:\"CHF 1'900\", brutto:\"CHF 2'140\", pdf:\"#\", status:\"Verf\u00fcgbar\"},\n    {nr:401, zimmer:4.5, etage:\"DG\", flaeche:\"91.92 m\u00b2\", mz:\"CHF 2'120\", brutto:\"CHF 2'370\", pdf:\"#\", status:\"Verf\u00fcgbar\"}\n  ];\n  *\/\n  \n  \/\/ Daten direkt aus Google Sheet (CSV)\n  fetch('https:\/\/docs.google.com\/spreadsheets\/d\/e\/2PACX-1vQJ3kZGm00AU-PapsPjDy2uh_6GnuvRRP-iLgdwTC2J8tuo8Ge0l_1C0oeY3OltuJR9EoETkZhhsISR\/pub?gid=0&single=true&output=csv', { cache:'no-store'})\n    .then(res => res.text())\n    .then(csvText => {\n      const rows = csvText.trim().split('\\n').map(r => r.split(','));\n      const headers = rows.shift();\n      const wohnungen = rows.map(r => r.map(cell => cell.replace(\/\\r\/g, '').trim())) \/\/ \\r entfernen + trim\n                            .map(r => ({\n                              nr: r[0],\n                              zimmer: r[1],\n                              etage: r[2],\n                              flaeche: r[3],\n                              mz: r[4],\n                              brutto: r[5],\n                              pdf: r[6],\n                              status: r[7]\n                            }));\n\n\n      const tbody = document.getElementById('wohnung-body');\n\n      wohnungen.forEach(w => {\n        const tr = document.createElement('tr');\n        tr.innerHTML = `\n          <td>${w.nr}<\/td>\n          <td>${w.zimmer}<\/td>\n          <td>${w.etage}<\/td>\n          <td>${w.flaeche}<\/td>\n          <td>${w.mz}<\/td>\n          <td>${w.brutto}<\/td>\n          <td><a class=\"table-link\" href=\"${w.pdf}\">ansehen<\/a><\/td>\n          <td><div class=\"dot\"><\/div><\/td>\n        `;\n        const dot = tr.querySelector('.dot');\n        dot.title = w.status;\n        if(w.status === 'Verf\u00fcgbar') dot.style.backgroundColor = '#86b661';\n        else if(w.status === 'Reserviert') dot.style.backgroundColor = 'orange';\n        else if(w.status === 'Vermietet') dot.style.backgroundColor = '#ac4d4d';\n        tbody.appendChild(tr);\n      });\n    });\n<\/script>\n\n<style>\n\n  th, td, tr {\n    border: 1px solid #ccc;\n    padding: 8px 12px;\n    text-align: center;\n    text-align: left;\n    background-color: white;\n  }\n  th {\n    background-color: var(--e-global-color-primary) ;\n    color: var( --e-global-color-accent );\n  }\n\n  .dot {\n    width: 13px;          \/* Gr\u00f6\u00dfe *\/\n    height: 13px;\n    border-radius: 50%;   \/* Kreis *\/\n    display: inline-block;\n  }\n  \n  .table-link{\n    color:var(--e-global-color-e52f93b ) !important;\n  }\n  \n  table tr:nth-child(even) td {\n  background-color: #fff !important; \n  }\n  table tr:nth-child(odd) td {\n    background-color: #fff !important;\n}\n\n  \n.legend {\n    display: flex;\n    justify-content: flex-end;\n    margin-top: 10px;\n    font-size: 14px;\n  }\n\n  .legend-item {\n    display: flex;\n    align-items: center;\n    margin-left: 15px;\n  }\n\n  .legend-dot {\n    width: 12px;\n    height: 12px;\n    border-radius: 50%;\n    margin-right: 5px;\n  }\n  \n<\/style>\t\t\t\t<\/div>\n\t\t\t\t<\/div>\n\t\t\t\t\t<\/div>\n\t\t\t\t<\/div>\n\t\t<div class=\"elementor-element elementor-element-451293e e-con-full e-flex e-con e-parent\" data-id=\"451293e\" data-element_type=\"container\" data-e-type=\"container\">\n\t\t\t\t<div class=\"elementor-element elementor-element-5084540 elementor-widget__width-inherit elementor-widget elementor-widget-image\" data-id=\"5084540\" data-element_type=\"widget\" data-e-type=\"widget\" data-widget_type=\"image.default\">\n\t\t\t\t<div class=\"elementor-widget-container\">\n\t\t\t\t\t\t\t\t\t\t\t\t\t\t\t<img decoding=\"async\" width=\"1536\" height=\"801\" src=\"https:\/\/hochhaus-heuwaage.ch\/wp-content\/uploads\/2025\/12\/Home_Header_Heuwaage_Visu.jpg\" class=\"attachment-full size-full wp-image-1650\" alt=\"\" srcset=\"https:\/\/hochhaus-heuwaage.ch\/wp-content\/uploads\/2025\/12\/Home_Header_Heuwaage_Visu.jpg 1536w, https:\/\/hochhaus-heuwaage.ch\/wp-content\/uploads\/2025\/12\/Home_Header_Heuwaage_Visu-300x156.jpg 300w, https:\/\/hochhaus-heuwaage.ch\/wp-content\/uploads\/2025\/12\/Home_Header_Heuwaage_Visu-1024x534.jpg 1024w, https:\/\/hochhaus-heuwaage.ch\/wp-content\/uploads\/2025\/12\/Home_Header_Heuwaage_Visu-768x401.jpg 768w, https:\/\/hochhaus-heuwaage.ch\/wp-content\/uploads\/2025\/12\/Home_Header_Heuwaage_Visu-18x9.jpg 18w\" sizes=\"(max-width: 1536px) 100vw, 1536px\" title=\"\">\t\t\t\t\t\t\t\t\t\t\t\t\t\t\t<\/div>\n\t\t\t\t<\/div>\n\t\t\t\t<\/div>\n\t\t\t\t<\/div>","protected":false},"excerpt":{"rendered":"<p>Wohnen und arbeiten an der Heuwaage Bis im Jahr 2031 entstehen im neuen Hochhaus Heuwaage auf insgesamt 21 Stockwerken attraktive Fl\u00e4chen f\u00fcr Einzelhandel, Gastronomie und B\u00fcror\u00e4umlichkeiten sowie insgesamt 66 moderne Wohnungen. Folgende Objekte sind gem\u00e4ss aktueller Planung vorgesehen: Erdgeschoss und 1. Obergeschoss: Fl\u00e4chen f\u00fcr Einzelhandel und Gastronomie 2. bis 6. Obergeschoss: flexible, unterteilbare Gewerbe- und [&hellip;]<\/p>","protected":false},"author":1,"featured_media":0,"parent":0,"menu_order":0,"comment_status":"closed","ping_status":"closed","template":"","meta":{"footnotes":""},"class_list":["post-754","page","type-page","status-publish","hentry"],"_links":{"self":[{"href":"https:\/\/hochhaus-heuwaage.ch\/en\/wp-json\/wp\/v2\/pages\/754","targetHints":{"allow":["GET"]}}],"collection":[{"href":"https:\/\/hochhaus-heuwaage.ch\/en\/wp-json\/wp\/v2\/pages"}],"about":[{"href":"https:\/\/hochhaus-heuwaage.ch\/en\/wp-json\/wp\/v2\/types\/page"}],"author":[{"embeddable":true,"href":"https:\/\/hochhaus-heuwaage.ch\/en\/wp-json\/wp\/v2\/users\/1"}],"replies":[{"embeddable":true,"href":"https:\/\/hochhaus-heuwaage.ch\/en\/wp-json\/wp\/v2\/comments?post=754"}],"version-history":[{"count":1,"href":"https:\/\/hochhaus-heuwaage.ch\/en\/wp-json\/wp\/v2\/pages\/754\/revisions"}],"predecessor-version":[{"id":2009,"href":"https:\/\/hochhaus-heuwaage.ch\/en\/wp-json\/wp\/v2\/pages\/754\/revisions\/2009"}],"wp:attachment":[{"href":"https:\/\/hochhaus-heuwaage.ch\/en\/wp-json\/wp\/v2\/media?parent=754"}],"curies":[{"name":"wp","href":"https:\/\/api.w.org\/{rel}","templated":true}]}}