{"id":2,"date":"2022-10-07T20:57:38","date_gmt":"2022-10-07T20:57:38","guid":{"rendered":"https:\/\/nostalgic-pasteur.194-56-190-69.plesk.page\/?page_id=2"},"modified":"2026-01-29T15:40:48","modified_gmt":"2026-01-29T14:40:48","slug":"sample-page","status":"publish","type":"page","link":"https:\/\/hochhaus-heuwaage.ch\/en\/","title":{"rendered":"Start"},"content":{"rendered":"<div data-elementor-type=\"wp-page\" data-elementor-id=\"2\" class=\"elementor elementor-2\" data-elementor-post-type=\"page\">\n\t\t\t\t<div class=\"elementor-element elementor-element-b8bbb46 e-con-full e-flex e-con e-parent\" data-id=\"b8bbb46\" data-element_type=\"container\" data-e-type=\"container\">\n\t\t\t\t<div class=\"elementor-element elementor-element-4d72b66 elementor-widget__width-inherit elementor-widget elementor-widget-image\" data-id=\"4d72b66\" data-element_type=\"widget\" data-e-type=\"widget\" data-widget_type=\"image.default\">\n\t\t\t\t<div class=\"elementor-widget-container\">\n\t\t\t\t\t\t\t\t\t\t\t\t\t\t\t<img fetchpriority=\"high\" decoding=\"async\" width=\"1920\" height=\"1080\" src=\"https:\/\/hochhaus-heuwaage.ch\/wp-content\/uploads\/2025\/12\/Home_Header_Heuwaage_Visu-1.webp\" class=\"attachment-full size-full wp-image-1755\" alt=\"\" srcset=\"https:\/\/hochhaus-heuwaage.ch\/wp-content\/uploads\/2025\/12\/Home_Header_Heuwaage_Visu-1.webp 1920w, https:\/\/hochhaus-heuwaage.ch\/wp-content\/uploads\/2025\/12\/Home_Header_Heuwaage_Visu-1-300x169.webp 300w, https:\/\/hochhaus-heuwaage.ch\/wp-content\/uploads\/2025\/12\/Home_Header_Heuwaage_Visu-1-1024x576.webp 1024w, https:\/\/hochhaus-heuwaage.ch\/wp-content\/uploads\/2025\/12\/Home_Header_Heuwaage_Visu-1-768x432.webp 768w, https:\/\/hochhaus-heuwaage.ch\/wp-content\/uploads\/2025\/12\/Home_Header_Heuwaage_Visu-1-1536x864.webp 1536w, https:\/\/hochhaus-heuwaage.ch\/wp-content\/uploads\/2025\/12\/Home_Header_Heuwaage_Visu-1-18x10.webp 18w\" sizes=\"(max-width: 1920px) 100vw, 1920px\" title=\"\">\t\t\t\t\t\t\t\t\t\t\t\t\t\t\t<\/div>\n\t\t\t\t<\/div>\n\t\t\t\t<\/div>\n\t\t<div class=\"elementor-element elementor-element-b834df9 border-after light-bg e-flex e-con-boxed e-con e-parent\" data-id=\"b834df9\" data-element_type=\"container\" data-e-type=\"container\" data-settings=\"{&quot;background_background&quot;:&quot;classic&quot;}\">\n\t\t\t\t\t<div class=\"e-con-inner\">\n\t\t\t\t<div class=\"elementor-element elementor-element-eaf3d94 elementor-widget__width-inherit elementor-widget elementor-widget-heading\" data-id=\"eaf3d94\" data-element_type=\"widget\" data-e-type=\"widget\" data-widget_type=\"heading.default\">\n\t\t\t\t<div class=\"elementor-widget-container\">\n\t\t\t\t\t<h1 class=\"elementor-heading-title elementor-size-default\">Dismantling and construction of a new high-rise building \u201cHochhaus Heuwaage\u201d<\/h1>\t\t\t\t<\/div>\n\t\t\t\t<\/div>\n\t\t<div class=\"elementor-element elementor-element-280fd00 e-con-full e-flex e-con e-child\" data-id=\"280fd00\" data-element_type=\"container\" data-e-type=\"container\">\n\t\t<div class=\"elementor-element elementor-element-abe1c20 e-con-full e-flex e-con e-child\" data-id=\"abe1c20\" data-element_type=\"container\" data-e-type=\"container\">\n\t\t\t\t<div class=\"elementor-element elementor-element-90391c2 elementor-invisible elementor-widget elementor-widget-image\" data-id=\"90391c2\" data-element_type=\"widget\" data-e-type=\"widget\" data-settings=\"{&quot;_animation&quot;:&quot;zoomIn&quot;}\" data-widget_type=\"image.default\">\n\t\t\t\t<div class=\"elementor-widget-container\">\n\t\t\t\t\t\t\t\t\t\t\t\t\t\t\t<img decoding=\"async\" width=\"800\" height=\"534\" src=\"https:\/\/hochhaus-heuwaage.ch\/wp-content\/uploads\/2026\/01\/Hochhaus_heuwaage_bestand_1.jpg\" class=\"attachment-large size-large wp-image-1883\" alt=\"\" srcset=\"https:\/\/hochhaus-heuwaage.ch\/wp-content\/uploads\/2026\/01\/Hochhaus_heuwaage_bestand_1.jpg 1024w, https:\/\/hochhaus-heuwaage.ch\/wp-content\/uploads\/2026\/01\/Hochhaus_heuwaage_bestand_1-300x200.jpg 300w, https:\/\/hochhaus-heuwaage.ch\/wp-content\/uploads\/2026\/01\/Hochhaus_heuwaage_bestand_1-768x512.jpg 768w, https:\/\/hochhaus-heuwaage.ch\/wp-content\/uploads\/2026\/01\/Hochhaus_heuwaage_bestand_1-18x12.jpg 18w\" sizes=\"(max-width: 800px) 100vw, 800px\" title=\"\">\t\t\t\t\t\t\t\t\t\t\t\t\t\t\t<\/div>\n\t\t\t\t<\/div>\n\t\t\t\t<\/div>\n\t\t<div class=\"elementor-element elementor-element-2f4eee2 e-con-full e-flex e-con e-child\" data-id=\"2f4eee2\" data-element_type=\"container\" data-e-type=\"container\">\n\t\t\t\t<div class=\"elementor-element elementor-element-4e847de elementor-widget elementor-widget-heading\" data-id=\"4e847de\" data-element_type=\"widget\" data-e-type=\"widget\" data-widget_type=\"heading.default\">\n\t\t\t\t<div class=\"elementor-widget-container\">\n\t\t\t\t\t<span class=\"elementor-heading-title elementor-size-default\">The high-rise building at Heuwaage has been a feature of Basel\u2019s cityscape for many years. After seven decades, the existing building has reached the end of its life cycle. <\/span>\t\t\t\t<\/div>\n\t\t\t\t<\/div>\n\t\t\t\t<div class=\"elementor-element elementor-element-6daa5e1 elementor-widget elementor-widget-text-editor\" data-id=\"6daa5e1\" data-element_type=\"widget\" data-e-type=\"widget\" data-widget_type=\"text-editor.default\">\n\t\t\t\t<div class=\"elementor-widget-container\">\n\t\t\t\t\t\t\t\t\t<p>The owner, Basellandschaftliche Pensionskasse (blpk), is therefore replacing it with a new modern building, the free-standing high-rise building \u201cHochhaus Heuwaage\u201d.<\/p><p>By 2031, the new building will offer 21 floors of attractive space for retail, restaurants and offices, as well as 66 modern apartments. Dismantling of the existing building will begin in early 2026.<\/p>\t\t\t\t\t\t\t\t<\/div>\n\t\t\t\t<\/div>\n\t\t\t\t<div class=\"elementor-element elementor-element-ef361d4 elementor-widget elementor-widget-button\" data-id=\"ef361d4\" data-element_type=\"widget\" data-e-type=\"widget\" data-widget_type=\"button.default\">\n\t\t\t\t<div class=\"elementor-widget-container\">\n\t\t\t\t\t\t\t\t\t<div class=\"elementor-button-wrapper\">\n\t\t\t\t\t<a class=\"elementor-button elementor-button-link elementor-size-sm\" href=\"https:\/\/hochhaus-heuwaage.ch\/en\/das-projekt\/\">\n\t\t\t\t\t\t<span class=\"elementor-button-content-wrapper\">\n\t\t\t\t\t\t<span class=\"elementor-button-icon\">\n\t\t\t\t<svg xmlns=\"http:\/\/www.w3.org\/2000\/svg\" width=\"142\" height=\"142\" viewbox=\"0 0 142 142\" fill=\"none\"><g clip-path=\"url(#clip0_4174_40)\"><path d=\"M65.3564 128.03L115.838 77.7567L7.01177 77.7222L7.02214 63.6888L115.744 63.6189L65.3364 13.6295L84.316 13.605L141.422 70.7107L84.2315 127.901L65.3459 128.019L65.3564 128.03Z\" fill=\"white\"><\/path><\/g><defs><clippath id=\"clip0_4174_40\"><rect width=\"100\" height=\"100\" fill=\"white\" transform=\"translate(70.7109) rotate(45)\"><\/rect><\/clippath><\/defs><\/svg>\t\t\t<\/span>\n\t\t\t\t\t\t\t\t\t<span class=\"elementor-button-text\">More<\/span>\n\t\t\t\t\t<\/span>\n\t\t\t\t\t<\/a>\n\t\t\t\t<\/div>\n\t\t\t\t\t\t\t\t<\/div>\n\t\t\t\t<\/div>\n\t\t\t\t<\/div>\n\t\t\t\t<\/div>\n\t\t\t\t\t<\/div>\n\t\t\t\t<\/div>\n\t\t<div class=\"elementor-element elementor-element-ab89527 e-flex e-con-boxed e-con e-parent\" data-id=\"ab89527\" data-element_type=\"container\" data-e-type=\"container\">\n\t\t\t\t\t<div class=\"e-con-inner\">\n\t\t\t\t<div class=\"elementor-element elementor-element-6768bd3 elementor-widget__width-inherit elementor-widget elementor-widget-heading\" data-id=\"6768bd3\" data-element_type=\"widget\" data-e-type=\"widget\" data-widget_type=\"heading.default\">\n\t\t\t\t<div class=\"elementor-widget-container\">\n\t\t\t\t\t<h2 class=\"elementor-heading-title elementor-size-default\">News<\/h2>\t\t\t\t<\/div>\n\t\t\t\t<\/div>\n\t\t\t\t<div class=\"elementor-element elementor-element-d982892 elementor-widget__width-inherit elementor-widget elementor-widget-jet-listing-grid\" data-id=\"d982892\" data-element_type=\"widget\" data-e-type=\"widget\" data-settings=\"{&quot;columns_mobile&quot;:&quot;1&quot;,&quot;columns_tablet&quot;:&quot;2&quot;,&quot;columns&quot;:3}\" data-widget_type=\"jet-listing-grid.default\">\n\t\t\t\t<div class=\"elementor-widget-container\">\n\t\t\t\t\t<div class=\"jet-listing-grid jet-listing\"><div class=\"jet-listing-grid__items grid-col-desk-3 grid-col-tablet-2 grid-col-mobile-1 jet-listing-grid--793\"  data-nav=\"{&quot;enabled&quot;:true,&quot;type&quot;:&quot;click&quot;,&quot;more_el&quot;:null,&quot;query&quot;:{&quot;post_status&quot;:[&quot;publish&quot;],&quot;post_type&quot;:&quot;post&quot;,&quot;posts_per_page&quot;:&quot;3&quot;,&quot;paged&quot;:&quot;1&quot;,&quot;ignore_sticky_posts&quot;:&quot;1&quot;},&quot;widget_settings&quot;:{&quot;lisitng_id&quot;:793,&quot;posts_num&quot;:3,&quot;columns&quot;:3,&quot;columns_tablet&quot;:2,&quot;columns_mobile&quot;:1,&quot;is_archive_template&quot;:&quot;&quot;,&quot;post_status&quot;:[&quot;publish&quot;],&quot;use_random_posts_num&quot;:&quot;&quot;,&quot;max_posts_num&quot;:9,&quot;not_found_message&quot;:&quot;Aktuell noch keine Beitr\\u00e4ge&quot;,&quot;is_masonry&quot;:false,&quot;equal_columns_height&quot;:&quot;&quot;,&quot;use_load_more&quot;:&quot;yes&quot;,&quot;load_more_id&quot;:&quot;&quot;,&quot;load_more_type&quot;:&quot;click&quot;,&quot;use_custom_post_types&quot;:&quot;&quot;,&quot;custom_post_types&quot;:[],&quot;hide_widget_if&quot;:&quot;&quot;,&quot;carousel_enabled&quot;:&quot;&quot;,&quot;slides_to_scroll&quot;:&quot;1&quot;,&quot;arrows&quot;:&quot;true&quot;,&quot;arrow_icon&quot;:&quot;fa fa-angle-left&quot;,&quot;dots&quot;:&quot;&quot;,&quot;autoplay&quot;:&quot;true&quot;,&quot;autoplay_speed&quot;:5000,&quot;infinite&quot;:&quot;true&quot;,&quot;center_mode&quot;:&quot;&quot;,&quot;effect&quot;:&quot;slide&quot;,&quot;speed&quot;:500,&quot;inject_alternative_items&quot;:&quot;&quot;,&quot;injection_items&quot;:[],&quot;scroll_slider_enabled&quot;:&quot;&quot;,&quot;scroll_slider_on&quot;:[&quot;desktop&quot;,&quot;tablet&quot;,&quot;mobile&quot;],&quot;custom_query&quot;:false,&quot;custom_query_id&quot;:&quot;&quot;,&quot;_element_id&quot;:&quot;&quot;}}\" data-page=\"1\" data-pages=\"2\" data-listing-source=\"posts\"><style>.elementor-793 .elementor-element.elementor-element-d3b80a3{--display:flex;--gap:0px 0px;--row-gap:0px;--column-gap:0px;--margin-top:0px;--margin-bottom:0px;--margin-left:0px;--margin-right:0px;--padding-top:0px;--padding-bottom:0px;--padding-left:0px;--padding-right:0px;}.elementor-widget-image .widget-image-caption{color:var( --e-global-color-text );font-family:var( --e-global-typography-text-font-family ), Sans-serif;font-size:var( --e-global-typography-text-font-size );font-weight:var( --e-global-typography-text-font-weight );line-height:var( --e-global-typography-text-line-height );}.elementor-793 .elementor-element.elementor-element-f2d524d img{width:100%;height:300px;object-fit:cover;object-position:center center;}.elementor-793 .elementor-element.elementor-element-f2d524d .widget-image-caption{color:#FFFFFF;background-color:#020101;font-family:\"Poppins\", Sans-serif;font-size:20px;font-weight:700;line-height:1.2em;}.elementor-widget-heading .elementor-heading-title{font-family:var( --e-global-typography-primary-font-family ), Sans-serif;font-size:var( --e-global-typography-primary-font-size );font-weight:var( --e-global-typography-primary-font-weight );line-height:var( --e-global-typography-primary-line-height );color:var( --e-global-color-primary );}.elementor-793 .elementor-element.elementor-element-779d327 .elementor-heading-title{font-family:\"Poppins\", Sans-serif;font-size:20px;font-weight:700;line-height:1.2em;-webkit-text-stroke-color:#000;stroke:#000;text-shadow:0px 0px 10px rgba(0,0,0,0.3);color:var( --e-global-color-accent );}.elementor-793 .elementor-element.elementor-element-779d327 > .elementor-widget-container{padding:20px 20px 20px 20px;background-color:var( --e-global-color-secondary );}.jet-listing-item.single-jet-engine.elementor-page-793 > .elementor{width:400px;margin-left:auto;margin-right:auto;}@media(max-width:1024px){.elementor-widget-image .widget-image-caption{font-size:var( --e-global-typography-text-font-size );line-height:var( --e-global-typography-text-line-height );}.elementor-widget-heading .elementor-heading-title{font-size:var( --e-global-typography-primary-font-size );line-height:var( --e-global-typography-primary-line-height );}}@media(max-width:767px){.elementor-widget-image .widget-image-caption{font-size:var( --e-global-typography-text-font-size );line-height:var( --e-global-typography-text-line-height );}.elementor-widget-heading .elementor-heading-title{font-size:var( --e-global-typography-primary-font-size );line-height:var( --e-global-typography-primary-line-height );}}<\/style><div class=\"jet-listing-grid__item jet-listing-dynamic-post-2172\" data-post-id=\"2172\" ><div class=\"jet-engine-listing-overlay-wrap\" data-url=\"https:\/\/hochhaus-heuwaage.ch\/en\/information-zur-umleitung-in-den-birsig-parkplatz\/\">\t\t<div data-elementor-type=\"jet-listing-items\" data-elementor-id=\"793\" class=\"elementor elementor-793\" data-elementor-post-type=\"jet-engine\">\n\t\t\t\t<div class=\"elementor-element elementor-element-d3b80a3 e-flex e-con-boxed e-con e-parent\" data-id=\"d3b80a3\" data-element_type=\"container\" data-e-type=\"container\">\n\t\t\t\t\t<div class=\"e-con-inner\">\n\t\t\t\t<div class=\"elementor-element elementor-element-f2d524d elementor-widget elementor-widget-image\" data-id=\"f2d524d\" data-element_type=\"widget\" data-e-type=\"widget\" data-widget_type=\"image.default\">\n\t\t\t\t<div class=\"elementor-widget-container\">\n\t\t\t\t\t\t\t\t\t\t\t\t<figure class=\"wp-caption\">\n\t\t\t\t\t\t\t\t\t\t<img decoding=\"async\" width=\"1536\" height=\"1086\" src=\"https:\/\/hochhaus-heuwaage.ch\/wp-content\/uploads\/2026\/03\/260303_Umleitung-Birsig-Parkplatz_1-1536x1086.jpg\" class=\"attachment-1536x1536 size-1536x1536 wp-image-2174\" alt=\"\" srcset=\"https:\/\/hochhaus-heuwaage.ch\/wp-content\/uploads\/2026\/03\/260303_Umleitung-Birsig-Parkplatz_1-1536x1086.jpg 1536w, https:\/\/hochhaus-heuwaage.ch\/wp-content\/uploads\/2026\/03\/260303_Umleitung-Birsig-Parkplatz_1-300x212.jpg 300w, https:\/\/hochhaus-heuwaage.ch\/wp-content\/uploads\/2026\/03\/260303_Umleitung-Birsig-Parkplatz_1-1024x724.jpg 1024w, https:\/\/hochhaus-heuwaage.ch\/wp-content\/uploads\/2026\/03\/260303_Umleitung-Birsig-Parkplatz_1-768x543.jpg 768w, https:\/\/hochhaus-heuwaage.ch\/wp-content\/uploads\/2026\/03\/260303_Umleitung-Birsig-Parkplatz_1-18x12.jpg 18w, https:\/\/hochhaus-heuwaage.ch\/wp-content\/uploads\/2026\/03\/260303_Umleitung-Birsig-Parkplatz_1.jpg 1754w\" sizes=\"(max-width: 1536px) 100vw, 1536px\" title=\"\">\t\t\t\t\t\t\t\t\t\t\t<figcaption class=\"widget-image-caption wp-caption-text\">04.03.2026<\/figcaption>\n\t\t\t\t\t\t\t\t\t\t<\/figure>\n\t\t\t\t\t\t\t\t\t<\/div>\n\t\t\t\t<\/div>\n\t\t\t\t<div class=\"elementor-element elementor-element-779d327 elementor-widget elementor-widget-heading\" data-id=\"779d327\" data-element_type=\"widget\" data-e-type=\"widget\" data-widget_type=\"heading.default\">\n\t\t\t\t<div class=\"elementor-widget-container\">\n\t\t\t\t\t<h3 class=\"elementor-heading-title elementor-size-default\">Information zur Umleitung in den Birsig-Parkplatz<\/h3>\t\t\t\t<\/div>\n\t\t\t\t<\/div>\n\t\t\t\t\t<\/div>\n\t\t\t\t<\/div>\n\t\t\t\t<\/div>\n\t\t<a href=\"https:\/\/hochhaus-heuwaage.ch\/en\/information-zur-umleitung-in-den-birsig-parkplatz\/\" class=\"jet-engine-listing-overlay-link\"><\/a><\/div><\/div><div class=\"jet-listing-grid__item jet-listing-dynamic-post-2167\" data-post-id=\"2167\" ><div class=\"jet-engine-listing-overlay-wrap\" data-url=\"https:\/\/hochhaus-heuwaage.ch\/en\/kraninstallation-und-nachtarbeiten\/\">\t\t<div data-elementor-type=\"jet-listing-items\" data-elementor-id=\"793\" class=\"elementor elementor-793\" data-elementor-post-type=\"jet-engine\">\n\t\t\t\t<div class=\"elementor-element elementor-element-d3b80a3 e-flex e-con-boxed e-con e-parent\" data-id=\"d3b80a3\" data-element_type=\"container\" data-e-type=\"container\">\n\t\t\t\t\t<div class=\"e-con-inner\">\n\t\t\t\t<div class=\"elementor-element elementor-element-f2d524d elementor-widget elementor-widget-image\" data-id=\"f2d524d\" data-element_type=\"widget\" data-e-type=\"widget\" data-widget_type=\"image.default\">\n\t\t\t\t<div class=\"elementor-widget-container\">\n\t\t\t\t\t\t\t\t\t\t\t\t<figure class=\"wp-caption\">\n\t\t\t\t\t\t\t\t\t\t<img loading=\"lazy\" decoding=\"async\" width=\"1536\" height=\"1022\" src=\"https:\/\/hochhaus-heuwaage.ch\/wp-content\/uploads\/2026\/03\/Kran-1536x1022.jpeg\" class=\"attachment-1536x1536 size-1536x1536 wp-image-2169\" alt=\"\" srcset=\"https:\/\/hochhaus-heuwaage.ch\/wp-content\/uploads\/2026\/03\/Kran-1536x1022.jpeg 1536w, https:\/\/hochhaus-heuwaage.ch\/wp-content\/uploads\/2026\/03\/Kran-300x200.jpeg 300w, https:\/\/hochhaus-heuwaage.ch\/wp-content\/uploads\/2026\/03\/Kran-1024x682.jpeg 1024w, https:\/\/hochhaus-heuwaage.ch\/wp-content\/uploads\/2026\/03\/Kran-768x511.jpeg 768w, https:\/\/hochhaus-heuwaage.ch\/wp-content\/uploads\/2026\/03\/Kran-18x12.jpeg 18w, https:\/\/hochhaus-heuwaage.ch\/wp-content\/uploads\/2026\/03\/Kran.jpeg 1920w\" sizes=\"(max-width: 1536px) 100vw, 1536px\" title=\"\">\t\t\t\t\t\t\t\t\t\t\t<figcaption class=\"widget-image-caption wp-caption-text\">04.03.2026<\/figcaption>\n\t\t\t\t\t\t\t\t\t\t<\/figure>\n\t\t\t\t\t\t\t\t\t<\/div>\n\t\t\t\t<\/div>\n\t\t\t\t<div class=\"elementor-element elementor-element-779d327 elementor-widget elementor-widget-heading\" data-id=\"779d327\" data-element_type=\"widget\" data-e-type=\"widget\" data-widget_type=\"heading.default\">\n\t\t\t\t<div class=\"elementor-widget-container\">\n\t\t\t\t\t<h3 class=\"elementor-heading-title elementor-size-default\">Kraninstallation und Nachtarbeiten<\/h3>\t\t\t\t<\/div>\n\t\t\t\t<\/div>\n\t\t\t\t\t<\/div>\n\t\t\t\t<\/div>\n\t\t\t\t<\/div>\n\t\t<a href=\"https:\/\/hochhaus-heuwaage.ch\/en\/kraninstallation-und-nachtarbeiten\/\" class=\"jet-engine-listing-overlay-link\"><\/a><\/div><\/div><div class=\"jet-listing-grid__item jet-listing-dynamic-post-2140\" data-post-id=\"2140\" ><div class=\"jet-engine-listing-overlay-wrap\" data-url=\"https:\/\/hochhaus-heuwaage.ch\/en\/sperrung-der-steinentorstrasse\/\">\t\t<div data-elementor-type=\"jet-listing-items\" data-elementor-id=\"793\" class=\"elementor elementor-793\" data-elementor-post-type=\"jet-engine\">\n\t\t\t\t<div class=\"elementor-element elementor-element-d3b80a3 e-flex e-con-boxed e-con e-parent\" data-id=\"d3b80a3\" data-element_type=\"container\" data-e-type=\"container\">\n\t\t\t\t\t<div class=\"e-con-inner\">\n\t\t\t\t<div class=\"elementor-element elementor-element-f2d524d elementor-widget elementor-widget-image\" data-id=\"f2d524d\" data-element_type=\"widget\" data-e-type=\"widget\" data-widget_type=\"image.default\">\n\t\t\t\t<div class=\"elementor-widget-container\">\n\t\t\t\t\t\t\t\t\t\t\t\t<figure class=\"wp-caption\">\n\t\t\t\t\t\t\t\t\t\t<img loading=\"lazy\" decoding=\"async\" width=\"1536\" height=\"1026\" src=\"https:\/\/hochhaus-heuwaage.ch\/wp-content\/uploads\/2026\/02\/Baustelle-1-1536x1026.jpeg\" class=\"attachment-1536x1536 size-1536x1536 wp-image-2152\" alt=\"\" srcset=\"https:\/\/hochhaus-heuwaage.ch\/wp-content\/uploads\/2026\/02\/Baustelle-1-1536x1026.jpeg 1536w, https:\/\/hochhaus-heuwaage.ch\/wp-content\/uploads\/2026\/02\/Baustelle-1-300x200.jpeg 300w, https:\/\/hochhaus-heuwaage.ch\/wp-content\/uploads\/2026\/02\/Baustelle-1-1024x684.jpeg 1024w, https:\/\/hochhaus-heuwaage.ch\/wp-content\/uploads\/2026\/02\/Baustelle-1-768x513.jpeg 768w, https:\/\/hochhaus-heuwaage.ch\/wp-content\/uploads\/2026\/02\/Baustelle-1-18x12.jpeg 18w, https:\/\/hochhaus-heuwaage.ch\/wp-content\/uploads\/2026\/02\/Baustelle-1.jpeg 1920w\" sizes=\"(max-width: 1536px) 100vw, 1536px\" title=\"\">\t\t\t\t\t\t\t\t\t\t\t<figcaption class=\"widget-image-caption wp-caption-text\">26.02.2026<\/figcaption>\n\t\t\t\t\t\t\t\t\t\t<\/figure>\n\t\t\t\t\t\t\t\t\t<\/div>\n\t\t\t\t<\/div>\n\t\t\t\t<div class=\"elementor-element elementor-element-779d327 elementor-widget elementor-widget-heading\" data-id=\"779d327\" data-element_type=\"widget\" data-e-type=\"widget\" data-widget_type=\"heading.default\">\n\t\t\t\t<div class=\"elementor-widget-container\">\n\t\t\t\t\t<h3 class=\"elementor-heading-title elementor-size-default\">Sperrung der Steinentorstrasse bis zur Heuwaage<\/h3>\t\t\t\t<\/div>\n\t\t\t\t<\/div>\n\t\t\t\t\t<\/div>\n\t\t\t\t<\/div>\n\t\t\t\t<\/div>\n\t\t<a href=\"https:\/\/hochhaus-heuwaage.ch\/en\/sperrung-der-steinentorstrasse\/\" class=\"jet-engine-listing-overlay-link\"><\/a><\/div><\/div><\/div><\/div>\t\t\t\t<\/div>\n\t\t\t\t<\/div>\n\t\t\t\t<div class=\"elementor-element elementor-element-ac0532b elementor-widget-mobile__width-inherit elementor-widget elementor-widget-button\" data-id=\"ac0532b\" data-element_type=\"widget\" data-e-type=\"widget\" data-widget_type=\"button.default\">\n\t\t\t\t<div class=\"elementor-widget-container\">\n\t\t\t\t\t\t\t\t\t<div class=\"elementor-button-wrapper\">\n\t\t\t\t\t<a class=\"elementor-button elementor-button-link elementor-size-sm\" href=\"https:\/\/hochhaus-heuwaage.ch\/en\/aktuelles\/\">\n\t\t\t\t\t\t<span class=\"elementor-button-content-wrapper\">\n\t\t\t\t\t\t<span class=\"elementor-button-icon\">\n\t\t\t\t<svg xmlns=\"http:\/\/www.w3.org\/2000\/svg\" width=\"142\" height=\"142\" viewbox=\"0 0 142 142\" fill=\"none\"><g clip-path=\"url(#clip0_4174_40)\"><path d=\"M65.3564 128.03L115.838 77.7567L7.01177 77.7222L7.02214 63.6888L115.744 63.6189L65.3364 13.6295L84.316 13.605L141.422 70.7107L84.2315 127.901L65.3459 128.019L65.3564 128.03Z\" fill=\"white\"><\/path><\/g><defs><clippath id=\"clip0_4174_40\"><rect width=\"100\" height=\"100\" fill=\"white\" transform=\"translate(70.7109) rotate(45)\"><\/rect><\/clippath><\/defs><\/svg>\t\t\t<\/span>\n\t\t\t\t\t\t\t\t\t<span class=\"elementor-button-text\">Further News<\/span>\n\t\t\t\t\t<\/span>\n\t\t\t\t\t<\/a>\n\t\t\t\t<\/div>\n\t\t\t\t\t\t\t\t<\/div>\n\t\t\t\t<\/div>\n\t\t\t\t\t<\/div>\n\t\t\t\t<\/div>\n\t\t<div class=\"elementor-element elementor-element-7752059 e-con-full e-flex e-con e-parent\" data-id=\"7752059\" data-element_type=\"container\" data-e-type=\"container\">\n\t\t\t\t<div class=\"elementor-element elementor-element-2fc3a36 elementor-widget__width-inherit elementor-widget elementor-widget-image\" data-id=\"2fc3a36\" data-element_type=\"widget\" data-e-type=\"widget\" data-widget_type=\"image.default\">\n\t\t\t\t<div class=\"elementor-widget-container\">\n\t\t\t\t\t\t\t\t\t\t\t\t\t\t\t<img fetchpriority=\"high\" decoding=\"async\" width=\"1920\" height=\"1080\" src=\"https:\/\/hochhaus-heuwaage.ch\/wp-content\/uploads\/2025\/12\/Home_Header_Heuwaage_Visu-1.webp\" class=\"attachment-full size-full wp-image-1755\" alt=\"\" srcset=\"https:\/\/hochhaus-heuwaage.ch\/wp-content\/uploads\/2025\/12\/Home_Header_Heuwaage_Visu-1.webp 1920w, https:\/\/hochhaus-heuwaage.ch\/wp-content\/uploads\/2025\/12\/Home_Header_Heuwaage_Visu-1-300x169.webp 300w, https:\/\/hochhaus-heuwaage.ch\/wp-content\/uploads\/2025\/12\/Home_Header_Heuwaage_Visu-1-1024x576.webp 1024w, https:\/\/hochhaus-heuwaage.ch\/wp-content\/uploads\/2025\/12\/Home_Header_Heuwaage_Visu-1-768x432.webp 768w, https:\/\/hochhaus-heuwaage.ch\/wp-content\/uploads\/2025\/12\/Home_Header_Heuwaage_Visu-1-1536x864.webp 1536w, https:\/\/hochhaus-heuwaage.ch\/wp-content\/uploads\/2025\/12\/Home_Header_Heuwaage_Visu-1-18x10.webp 18w\" sizes=\"(max-width: 1920px) 100vw, 1920px\" title=\"\">\t\t\t\t\t\t\t\t\t\t\t\t\t\t\t<\/div>\n\t\t\t\t<\/div>\n\t\t\t\t<\/div>\n\t\t\t\t<\/div>","protected":false},"excerpt":{"rendered":"<p>R\u00fcckbau und Neubau Hochhaus Heuwaage Das Hochhaus an der Heuwaage pr\u00e4gte das Basler Stadtbild w\u00e4hrend vieler Jahre. Nach sieben Jahrzehnten hat das bisherige Geb\u00e4ude seinen Lebenszyklus \u00fcberschritten. Die Eigent\u00fcmerin, die Basellandschaftliche Pensionskasse (blpk), realisiert deshalb an seiner Stelle einen modernen Ersatzneubau, das freistehende Hochhaus Heuwaage. Bis im Jahr 2031 entstehen im neuen Hochhaus Heuwaage auf [&hellip;]<\/p>","protected":false},"author":1,"featured_media":0,"parent":0,"menu_order":0,"comment_status":"closed","ping_status":"closed","template":"elementor_header_footer","meta":{"footnotes":""},"class_list":["post-2","page","type-page","status-publish","hentry"],"_links":{"self":[{"href":"https:\/\/hochhaus-heuwaage.ch\/en\/wp-json\/wp\/v2\/pages\/2","targetHints":{"allow":["GET"]}}],"collection":[{"href":"https:\/\/hochhaus-heuwaage.ch\/en\/wp-json\/wp\/v2\/pages"}],"about":[{"href":"https:\/\/hochhaus-heuwaage.ch\/en\/wp-json\/wp\/v2\/types\/page"}],"author":[{"embeddable":true,"href":"https:\/\/hochhaus-heuwaage.ch\/en\/wp-json\/wp\/v2\/users\/1"}],"replies":[{"embeddable":true,"href":"https:\/\/hochhaus-heuwaage.ch\/en\/wp-json\/wp\/v2\/comments?post=2"}],"version-history":[{"count":6,"href":"https:\/\/hochhaus-heuwaage.ch\/en\/wp-json\/wp\/v2\/pages\/2\/revisions"}],"predecessor-version":[{"id":2014,"href":"https:\/\/hochhaus-heuwaage.ch\/en\/wp-json\/wp\/v2\/pages\/2\/revisions\/2014"}],"wp:attachment":[{"href":"https:\/\/hochhaus-heuwaage.ch\/en\/wp-json\/wp\/v2\/media?parent=2"}],"curies":[{"name":"wp","href":"https:\/\/api.w.org\/{rel}","templated":true}]}}